{"id":8,"date":"2017-11-25T11:12:22","date_gmt":"2017-11-25T11:12:22","guid":{"rendered":"http:\/\/pacevilla.com\/?page_id=8"},"modified":"2022-04-06T12:55:03","modified_gmt":"2022-04-06T11:55:03","slug":"mojacar","status":"publish","type":"page","link":"https:\/\/pacevilla.com\/fr\/mojacar\/","title":{"rendered":"Mojacar"},"content":{"rendered":"<p><\/p>\n<h1 style=\"text-align: center;\">Promenades et autres activit\u00e9s Mojacar et environ.<\/h1>\n<p style=\"text-align: center;\"><img loading=\"lazy\" decoding=\"async\" class=\"alignnone wp-image-53 size-full\" src=\"http:\/\/pacevilla.com\/wp-content\/uploads\/2017\/11\/mojalmeria121.jpg\" alt=\"\" width=\"1200\" height=\"753\" srcset=\"https:\/\/pacevilla.com\/wp-content\/uploads\/2017\/11\/mojalmeria121.jpg 1200w, https:\/\/pacevilla.com\/wp-content\/uploads\/2017\/11\/mojalmeria121-300x188.jpg 300w, https:\/\/pacevilla.com\/wp-content\/uploads\/2017\/11\/mojalmeria121-768x482.jpg 768w, https:\/\/pacevilla.com\/wp-content\/uploads\/2017\/11\/mojalmeria121-1024x643.jpg 1024w\" sizes=\"auto, (max-width: 767px) 89vw, (max-width: 1000px) 54vw, (max-width: 1071px) 543px, 580px\" \/><\/p>\n<p style=\"text-align: center;\">Pace Villa a des possibilit\u00e9s de marche infinies directement \u00e0 partir de la propri\u00e9t\u00e9. L&rsquo;ensemble de la vaste cha\u00eene de montagnes Cabrera est juste \u00e0 votre porte, l&rsquo;un des principaux itin\u00e9raires de migration des oiseaux est directement au-dessus, donnant la possibilit\u00e9 d&rsquo;observer m\u00eame les oiseaux de proie. Pendant les promenades, profitez des fleurs sauvages m\u00e9diterran\u00e9ennes, des papillons et des scarab\u00e9es, m\u00eame parfois, les reptiles color\u00e9s peuvent \u00eatre vus se dorer au soleil. Ou d\u00e9couvrez un ancien village abandonn\u00e9, d\u00e9sert\u00e9 \u00e0 la h\u00e2te lorsque les troupes de Franco sont arriv\u00e9es. Pour ces voyages un peu plus loin, il y a quelques merveilleuses randonn\u00e9es \u00e9difiantes sur les sommets des cr\u00eates c\u00f4ti\u00e8res directement au-dessus de la mer. \u00c0 10 kilom\u00e8tres se trouve le c\u00e9l\u00e8bre parc national de \u00abCabo de Gato\u00bb qui englobe un paysage volcanique tr\u00e8s spectaculaire. \u00c0 son point le plus \u00e9loign\u00e9 autour du phare, il y a des colonnes de basalte cannel\u00e9es spectaculaires. Visitez les marais salants des Parcs et observez les Flamants roses, les Spatules et les Avocettes!<\/p>\n<p><img loading=\"lazy\" decoding=\"async\" class=\"aligncenter wp-image-168 size-full\" src=\"http:\/\/pacevilla.com\/wp-content\/uploads\/2017\/12\/cdg1.jpg\" alt=\"\" width=\"748\" height=\"383\" srcset=\"https:\/\/pacevilla.com\/wp-content\/uploads\/2017\/12\/cdg1.jpg 748w, https:\/\/pacevilla.com\/wp-content\/uploads\/2017\/12\/cdg1-300x154.jpg 300w, https:\/\/pacevilla.com\/wp-content\/uploads\/2017\/12\/cdg1-500x256.jpg 500w\" sizes=\"auto, (max-width: 706px) 89vw, (max-width: 767px) 82vw, 740px\" \/><\/p>\n<h2 style=\"text-align: center;\">A ne pas manquer \u00e0 proximit\u00e9 Mojacar.<\/h2>\n<p style=\"text-align: center;\">Nijar un petit village fabuleux o\u00f9 des objets en c\u00e9ramique color\u00e9s peuvent \u00eatre achet\u00e9s<br \/>\nMojacar Village: Un ancien village arabe blanchi \u00e0 la chaux perch\u00e9 sur une colline avec ses rues pav\u00e9es pittoresques, ses boutiques d&rsquo;art et d&rsquo;artisanat et de nombreuses caract\u00e9ristiques historiques telles que la fontaine, le ch\u00e2teau et l&rsquo;\u00e9glise avec<br \/>\nson Fresque int\u00e9rieur.<\/p>\n<p style=\"text-align: center;\">March\u00e9s de poisson de Garrucha: distinguent toutes les vari\u00e9t\u00e9s fascinantes de fruits de mer \u00e0 l&rsquo;ench\u00e8re quotidienne de poisson frais,<br \/>\nUn voyage \u00e0 l&rsquo;int\u00e9rieur des terres \u00e0 Bedar et au-del\u00e0, voir les nombreux villages blanchis \u00e0 la chaux dans leur environnement intemporel, un homme promenant son \u00e2ne, passer sur les cols Spectacular puis profiter d&rsquo;une tapa dans le bar du village local.<br \/>\nVisitez les restaurants de poisson face \u00e0 la superbe c\u00f4te c\u00f4ti\u00e8re de Carboneras et Aqua Amarga.<br \/>\nDe nombreux jours de la semaine, il y a des march\u00e9s locaux color\u00e9s \u00e0 proximit\u00e9,<br \/>\nAinsi que des \u00e9curies et location de quad ou de moto.<\/p>\n<p style=\"text-align: center;\">\u00c0 NE PAS MANQUER. (un peu plus loin)<br \/>\nObservatoire de Cala Alta 2168 mtrs au sommet de la cha\u00eene de montagnes de Los Filabres.<br \/>\nMonter dans les pentes clout\u00e9es de pin souvent couvert de neige en hiver. Repos quelque temps \u00e0 Olula de Castro, un village de montagne traditionnel, inchang\u00e9 tout au long des si\u00e8cles. \u00c0 l&rsquo;arriv\u00e9e, visitez l&rsquo;Observatoire et photographiez les panoramas sans fin<\/p>\n<p style=\"text-align: center;\">Taberna, Sorbas et Mini Hollywood<\/p>\n<p style=\"text-align: center;\"><img loading=\"lazy\" decoding=\"async\" class=\"alignnone wp-image-170 size-full\" src=\"http:\/\/pacevilla.com\/wp-content\/uploads\/2017\/12\/tab1.jpg\" alt=\"\" width=\"620\" height=\"388\" srcset=\"https:\/\/pacevilla.com\/wp-content\/uploads\/2017\/12\/tab1.jpg 620w, https:\/\/pacevilla.com\/wp-content\/uploads\/2017\/12\/tab1-300x188.jpg 300w, https:\/\/pacevilla.com\/wp-content\/uploads\/2017\/12\/tab1-500x313.jpg 500w\" sizes=\"auto, (max-width: 620px) 100vw, 620px\" \/><br \/>\nFaites une excursion d&rsquo;une journ\u00e9e dans le d\u00e9sert, en visitant la distillerie d&rsquo;huile d&rsquo;olive prim\u00e9e en route. N&rsquo;oubliez pas votre appareil photo en profitant d&rsquo;un petit parc safari et du filmets des c\u00e9l\u00e8bres westerns spaghetti des ann\u00e9es 60 et 70, puis n&rsquo;oubliez pas de vous promener dans les lits de rivi\u00e8res ass\u00e9ch\u00e9s et les montagnes arides de notre seul d\u00e9sert europ\u00e9en avec sa myriade de tableaux de couleurs rouges et or.<\/p>\n<p><\/p>","protected":false},"excerpt":{"rendered":"<p>Promenades et autres activit\u00e9s Mojacar et environ. Pace Villa a des possibilit\u00e9s de marche infinies directement \u00e0 partir de la propri\u00e9t\u00e9. L&rsquo;ensemble de la vaste cha\u00eene de montagnes Cabrera est juste \u00e0 votre porte, l&rsquo;un des principaux itin\u00e9raires de migration des oiseaux est directement au-dessus, donnant la possibilit\u00e9 d&rsquo;observer m\u00eame les oiseaux de proie. Pendant &hellip; <\/p>\n<p class=\"link-more\"><a href=\"https:\/\/pacevilla.com\/fr\/mojacar\/\" class=\"more-link\">Continuer la lecture<span class=\"screen-reader-text\"> de &laquo;&nbsp;Mojacar&nbsp;&raquo;<\/span><\/a><\/p>\n","protected":false},"author":1,"featured_media":0,"parent":0,"menu_order":0,"comment_status":"closed","ping_status":"closed","template":"","meta":{"footnotes":""},"class_list":["post-8","page","type-page","status-publish","hentry"],"aioseo_notices":[],"_links":{"self":[{"href":"https:\/\/pacevilla.com\/fr\/wp-json\/wp\/v2\/pages\/8","targetHints":{"allow":["GET"]}}],"collection":[{"href":"https:\/\/pacevilla.com\/fr\/wp-json\/wp\/v2\/pages"}],"about":[{"href":"https:\/\/pacevilla.com\/fr\/wp-json\/wp\/v2\/types\/page"}],"author":[{"embeddable":true,"href":"https:\/\/pacevilla.com\/fr\/wp-json\/wp\/v2\/users\/1"}],"replies":[{"embeddable":true,"href":"https:\/\/pacevilla.com\/fr\/wp-json\/wp\/v2\/comments?post=8"}],"version-history":[{"count":17,"href":"https:\/\/pacevilla.com\/fr\/wp-json\/wp\/v2\/pages\/8\/revisions"}],"predecessor-version":[{"id":271,"href":"https:\/\/pacevilla.com\/fr\/wp-json\/wp\/v2\/pages\/8\/revisions\/271"}],"wp:attachment":[{"href":"https:\/\/pacevilla.com\/fr\/wp-json\/wp\/v2\/media?parent=8"}],"curies":[{"name":"wp","href":"https:\/\/api.w.org\/{rel}","templated":true}]}}