{"id":7,"date":"2017-11-25T11:12:22","date_gmt":"2017-11-25T11:12:22","guid":{"rendered":"http:\/\/pacevilla.com\/?page_id=7"},"modified":"2022-04-06T13:11:37","modified_gmt":"2022-04-06T12:11:37","slug":"home","status":"publish","type":"page","link":"https:\/\/pacevilla.com\/fr\/","title":{"rendered":"Page d&rsquo;accueil"},"content":{"rendered":"<p><\/p>\n<h1 style=\"text-align: center;\">Location de vacances villa Mojacar.<\/h1>\n<p style=\"text-align: center;\">Villa priv\u00e9e de 4 chambres disponible pour location de vacances, avec une vue imprenable sur la mer et Mojacar Playa. Pace (paix) Villa est situ\u00e9e sur son propre domaine colline dans la pointe la plus au sud-est de l&rsquo;Espagne. Une villa moderne spacieuse avec de nombreuses fen\u00eatres massives chacune avec ses propres vues \u00e0 couper le souffle un emplacement ph\u00e9nom\u00e9nal avec un panorama magnifique sur les plages de Mojacar, les cha\u00eenes de montagnes pr\u00e9serv\u00e9es et une magnifique toile de fond de la mer M\u00e9diterran\u00e9e.<\/p>\n<p><\/p>","protected":false},"excerpt":{"rendered":"<p>Location de vacances villa Mojacar. Villa priv\u00e9e de 4 chambres disponible pour location de vacances, avec une vue imprenable sur la mer et Mojacar Playa. Pace (paix) Villa est situ\u00e9e sur son propre domaine colline dans la pointe la plus au sud-est de l&rsquo;Espagne. Une villa moderne spacieuse avec de nombreuses fen\u00eatres massives chacune avec &hellip; <\/p>\n<p class=\"link-more\"><a href=\"https:\/\/pacevilla.com\/fr\/\" class=\"more-link\">Continuer la lecture<span class=\"screen-reader-text\"> de &laquo;&nbsp;Page d&rsquo;accueil&nbsp;&raquo;<\/span><\/a><\/p>\n","protected":false},"author":1,"featured_media":0,"parent":0,"menu_order":0,"comment_status":"closed","ping_status":"closed","template":"","meta":{"footnotes":""},"class_list":["post-7","page","type-page","status-publish","hentry"],"aioseo_notices":[],"_links":{"self":[{"href":"https:\/\/pacevilla.com\/fr\/wp-json\/wp\/v2\/pages\/7","targetHints":{"allow":["GET"]}}],"collection":[{"href":"https:\/\/pacevilla.com\/fr\/wp-json\/wp\/v2\/pages"}],"about":[{"href":"https:\/\/pacevilla.com\/fr\/wp-json\/wp\/v2\/types\/page"}],"author":[{"embeddable":true,"href":"https:\/\/pacevilla.com\/fr\/wp-json\/wp\/v2\/users\/1"}],"replies":[{"embeddable":true,"href":"https:\/\/pacevilla.com\/fr\/wp-json\/wp\/v2\/comments?post=7"}],"version-history":[{"count":31,"href":"https:\/\/pacevilla.com\/fr\/wp-json\/wp\/v2\/pages\/7\/revisions"}],"predecessor-version":[{"id":297,"href":"https:\/\/pacevilla.com\/fr\/wp-json\/wp\/v2\/pages\/7\/revisions\/297"}],"wp:attachment":[{"href":"https:\/\/pacevilla.com\/fr\/wp-json\/wp\/v2\/media?parent=7"}],"curies":[{"name":"wp","href":"https:\/\/api.w.org\/{rel}","templated":true}]}}