{"id":44,"date":"2017-11-25T11:35:55","date_gmt":"2017-11-25T11:35:55","guid":{"rendered":"http:\/\/pacevilla.com\/?page_id=44"},"modified":"2022-04-06T12:54:15","modified_gmt":"2022-04-06T11:54:15","slug":"bookings","status":"publish","type":"page","link":"https:\/\/pacevilla.com\/fr\/bookings\/","title":{"rendered":"R\u00e9servations \/ Contact"},"content":{"rendered":"<p><\/p>\n<h1 style=\"text-align: center;\">R\u00e9servez votre villa \u00e0 Mojacar.<\/h1>\n<p style=\"text-align: center;\"><span style=\"display: inline !important; float: none; background-color: transparent; color: #333333; cursor: text; font-family: 'Libre Franklin','Helvetica Neue',helvetica,arial,sans-serif; font-size: 16px; font-style: normal; font-variant: normal; font-weight: 400; letter-spacing: normal; orphans: 2; text-align: left; text-decoration: none; text-indent: 0px; text-transform: none; -webkit-text-stroke-width: 0px; white-space: normal; word-spacing: 0px;\">Tel: 0034 667910842<\/span><\/p>\n<p style=\"text-align: center;\">\n<div class=\"wpcf7 no-js\" id=\"wpcf7-f151-o3\" lang=\"en-US\" dir=\"ltr\" data-wpcf7-id=\"151\">\n<div class=\"screen-reader-response\"><p role=\"status\" aria-live=\"polite\" aria-atomic=\"true\"><\/p> <ul><\/ul><\/div>\n<form action=\"\/fr\/wp-json\/wp\/v2\/pages\/44#wpcf7-f151-o3\" method=\"post\" class=\"wpcf7-form init\" aria-label=\"Contact form\" novalidate=\"novalidate\" data-status=\"init\">\n<fieldset class=\"hidden-fields-container\"><input type=\"hidden\" name=\"_wpcf7\" value=\"151\" \/><input type=\"hidden\" name=\"_wpcf7_version\" value=\"6.1.5\" \/><input type=\"hidden\" name=\"_wpcf7_locale\" value=\"en_US\" \/><input type=\"hidden\" name=\"_wpcf7_unit_tag\" value=\"wpcf7-f151-o3\" \/><input type=\"hidden\" name=\"_wpcf7_container_post\" value=\"0\" \/><input type=\"hidden\" name=\"_wpcf7_posted_data_hash\" value=\"\" \/><input type=\"hidden\" name=\"_wpcf7_recaptcha_response\" value=\"\" \/>\n<\/fieldset>\n<p>[wpcaptcha]<label> Votre nom (Champs obligatoires)<br \/>\n<span class=\"wpcf7-form-control-wrap\" data-name=\"your-name\"><input size=\"40\" maxlength=\"400\" class=\"wpcf7-form-control wpcf7-text wpcf7-validates-as-required\" aria-required=\"true\" aria-invalid=\"false\" value=\"\" type=\"text\" name=\"your-name\" \/><\/span> <\/label>\n<\/p>\n<p><label> Votre Email (Champs obligatoires)<br \/>\n<span class=\"wpcf7-form-control-wrap\" data-name=\"your-email\"><input size=\"40\" maxlength=\"400\" class=\"wpcf7-form-control wpcf7-email wpcf7-validates-as-required wpcf7-text wpcf7-validates-as-email\" aria-required=\"true\" aria-invalid=\"false\" value=\"\" type=\"email\" name=\"your-email\" \/><\/span> <\/label>\n<\/p>\n<p><label><br \/>\nAssujettir<br \/>\n<span class=\"wpcf7-form-control-wrap\" data-name=\"your-subject\"><input size=\"40\" maxlength=\"400\" class=\"wpcf7-form-control wpcf7-text\" aria-invalid=\"false\" value=\"\" type=\"text\" name=\"your-subject\" \/><\/span> <\/label>\n<\/p>\n<p><label><br \/>\nVotre message<br \/>\n<span class=\"wpcf7-form-control-wrap\" data-name=\"your-message\"><textarea cols=\"40\" rows=\"10\" maxlength=\"2000\" class=\"wpcf7-form-control wpcf7-textarea\" aria-invalid=\"false\" name=\"your-message\"><\/textarea><\/span> <\/label>\n<\/p>\n<p><input class=\"wpcf7-form-control wpcf7-submit has-spinner\" type=\"submit\" value=\"Envoyer\" \/><br \/>\n\n<\/p><div class=\"wpcf7-response-output\" aria-hidden=\"true\"><\/div>\n<\/form>\n<\/div>\n<\/p>\n<p style=\"text-align: center;\">ou<\/p>\n<p style=\"text-align: center;\">Pour toute r\u00e9servation et r\u00e9servation, appelez-moi s&rsquo;il vous pla\u00eet<br \/>\nTel: 0034 667910842<\/p>\n<p><\/p>","protected":false},"excerpt":{"rendered":"<p>R\u00e9servez votre villa \u00e0 Mojacar. Tel: 0034 667910842 ou Pour toute r\u00e9servation et r\u00e9servation, appelez-moi s&rsquo;il vous pla\u00eet Tel: 0034 667910842<\/p>\n","protected":false},"author":1,"featured_media":0,"parent":0,"menu_order":0,"comment_status":"closed","ping_status":"closed","template":"","meta":{"footnotes":""},"class_list":["post-44","page","type-page","status-publish","hentry"],"aioseo_notices":[],"_links":{"self":[{"href":"https:\/\/pacevilla.com\/fr\/wp-json\/wp\/v2\/pages\/44","targetHints":{"allow":["GET"]}}],"collection":[{"href":"https:\/\/pacevilla.com\/fr\/wp-json\/wp\/v2\/pages"}],"about":[{"href":"https:\/\/pacevilla.com\/fr\/wp-json\/wp\/v2\/types\/page"}],"author":[{"embeddable":true,"href":"https:\/\/pacevilla.com\/fr\/wp-json\/wp\/v2\/users\/1"}],"replies":[{"embeddable":true,"href":"https:\/\/pacevilla.com\/fr\/wp-json\/wp\/v2\/comments?post=44"}],"version-history":[{"count":26,"href":"https:\/\/pacevilla.com\/fr\/wp-json\/wp\/v2\/pages\/44\/revisions"}],"predecessor-version":[{"id":265,"href":"https:\/\/pacevilla.com\/fr\/wp-json\/wp\/v2\/pages\/44\/revisions\/265"}],"wp:attachment":[{"href":"https:\/\/pacevilla.com\/fr\/wp-json\/wp\/v2\/media?parent=44"}],"curies":[{"name":"wp","href":"https:\/\/api.w.org\/{rel}","templated":true}]}}