{"id":2,"date":"2017-11-25T11:09:30","date_gmt":"2017-11-25T11:09:30","guid":{"rendered":"http:\/\/pacevilla.com\/?page_id=2"},"modified":"2022-04-06T12:53:56","modified_gmt":"2022-04-06T11:53:56","slug":"almeria","status":"publish","type":"page","link":"https:\/\/pacevilla.com\/fr\/almeria\/","title":{"rendered":"Almeria"},"content":{"rendered":"<p><\/p>\n<h1 style=\"text-align: center;\">Choses \u00e0 faire et \u00e0 voir \u00e0 Almeria.<\/h1>\n<p><img loading=\"lazy\" decoding=\"async\" class=\"aligncenter wp-image-172 size-full\" src=\"http:\/\/pacevilla.com\/wp-content\/uploads\/2017\/12\/alm1.jpg\" alt=\"\" width=\"620\" height=\"388\" srcset=\"https:\/\/pacevilla.com\/wp-content\/uploads\/2017\/12\/alm1.jpg 620w, https:\/\/pacevilla.com\/wp-content\/uploads\/2017\/12\/alm1-300x188.jpg 300w, https:\/\/pacevilla.com\/wp-content\/uploads\/2017\/12\/alm1-500x313.jpg 500w\" sizes=\"auto, (max-width: 620px) 100vw, 620px\" \/><\/p>\n<p style=\"text-align: center;\">Activit\u00e9s: \u00e9quitation, golf, location de quad \/ moto, promenades organis\u00e9es, parc aquatique, a\u00e9roclub, grottes Sorbas et march\u00e9s en plein air: Distances \u00e0 tous ceux-ci.<\/p>\n<p style=\"text-align: center;\">MOJACAR<br \/>\nFabuleux village mauresque blanchi \u00e0 la chaux d\u00e9valant la colline o\u00f9 les femmes doivent encore se laver les v\u00eatements \u00e0 la fontaine du 17\u00e8me si\u00e8cle, explorer les rues pav\u00e9es avec la forteresse El Torreon et l&rsquo;\u00e9glise de Sainte-Marie avec son incroyable murale. Le lieu de naissance suppos\u00e9 de Walt Disney, entendez l&rsquo;histoire visiter les march\u00e9s de rue color\u00e9s le mercredi ou venir en juin pour faire l&rsquo;exp\u00e9rience des Maures et des Chr\u00e9tiens en luttant une derni\u00e8re bataille simul\u00e9e pour la supr\u00e9matie avec un d\u00e9fil\u00e9 en costumes flamboyants. En savoir plus sur l&rsquo;homme Indalo de 4 500 ans qui porte chance et protection dans ce village sp\u00e9cial (associ\u00e9 \u00e0 des peintures n\u00e9olithiques dans les grottes de Velez Blanco<\/p>\n<p style=\"text-align: center;\">GARRUCHA<br \/>\nVisitez son march\u00e9 local anim\u00e9 du vendredi avec des produits bon march\u00e9 et des arts et m\u00e9tiers africains, ainsi que des v\u00eatements et autres bricabrac. Photographiez la vente aux ench\u00e8res de poisson en semaine puis d\u00eenez dans les excellents restaurants de poissons du port en plein air.<\/p>\n<p style=\"text-align: center;\">AQUA AMARGA<\/p>\n<p style=\"text-align: center;\"><img loading=\"lazy\" decoding=\"async\" class=\"alignnone wp-image-175 size-full\" src=\"http:\/\/pacevilla.com\/wp-content\/uploads\/2017\/12\/aamga1.jpg\" alt=\"\" width=\"980\" height=\"450\" srcset=\"https:\/\/pacevilla.com\/wp-content\/uploads\/2017\/12\/aamga1.jpg 980w, https:\/\/pacevilla.com\/wp-content\/uploads\/2017\/12\/aamga1-300x138.jpg 300w, https:\/\/pacevilla.com\/wp-content\/uploads\/2017\/12\/aamga1-768x353.jpg 768w, https:\/\/pacevilla.com\/wp-content\/uploads\/2017\/12\/aamga1-500x230.jpg 500w\" sizes=\"auto, (max-width: 767px) 89vw, (max-width: 1000px) 54vw, (max-width: 1071px) 543px, 580px\" \/><br \/>\nUn village de p\u00eacheurs totalement pr\u00e9serv\u00e9 donnant sur une grande plage de sable avec des restaurants en plein air.<\/p>\n<p style=\"text-align: center;\">ALMERIA<br \/>\nUn ancien port avec un ch\u00e2teau maure et Barrio mauresque<\/p>\n<p style=\"text-align: center;\">CABRERA<br \/>\nC\u00e9l\u00e8bre un festival de juin avec une Paella g\u00e9ante, d\u00e9monstration de comp\u00e9tences \u00e9questres avec de la musique et des feux d&rsquo;artifice.<br \/>\nF\u00eates de la ville en ao\u00fbt.<\/p>\n<p style=\"text-align: center;\">Cabo de Gata<\/p>\n<p style=\"text-align: center;\"><img loading=\"lazy\" decoding=\"async\" class=\"alignnone wp-image-177 size-full\" src=\"http:\/\/pacevilla.com\/wp-content\/uploads\/2017\/12\/cdg2.jpg\" alt=\"\" width=\"1000\" height=\"566\" srcset=\"https:\/\/pacevilla.com\/wp-content\/uploads\/2017\/12\/cdg2.jpg 1000w, https:\/\/pacevilla.com\/wp-content\/uploads\/2017\/12\/cdg2-300x170.jpg 300w, https:\/\/pacevilla.com\/wp-content\/uploads\/2017\/12\/cdg2-768x435.jpg 768w, https:\/\/pacevilla.com\/wp-content\/uploads\/2017\/12\/cdg2-500x283.jpg 500w\" sizes=\"auto, (max-width: 767px) 89vw, (max-width: 1000px) 54vw, (max-width: 1071px) 543px, 580px\" \/><br \/>\nLa temp\u00e9rature la plus \u00e9lev\u00e9e et les plus faibles pr\u00e9cipitations en Espagne ont cr\u00e9\u00e9 des conditions semi-d\u00e9sertiques et ce parc national a de nombreuses plantes rares et en voie de disparition qui poussent dans ses dunes c\u00f4ti\u00e8res.<br \/>\nLes Salinas (salines) sont l&rsquo;une des zones humides les plus importantes pour les oiseaux nicheurs et les oiseaux chauds, ils courent parellel \u00e0 la plage juste s\u00e9par\u00e9e par 400 m\u00e8tres d&rsquo;une large barre de sable.<br \/>\nLes eaux cristallines sont une Mecque pour les plongeurs et les plongeurs, la voile et le kayak de mer.<br \/>\nParks Visitor Center est situ\u00e9 \u00e0 Los Amoladeras entre Retamar et San Miguel sur la AL822.<br \/>\nOuvert de juin \u00e0 septembre de 10h \u00e0 14h, de 18h \u00e0 20h, d&rsquo;octobre \u00e0 mai, de mardi \u00e0 dimanche de 10h \u00e0 14h et de 16h \u00e0 18h, d&rsquo;avril \u00e0 mai \u00e9galement de 18h \u00e0 20h.<br \/>\nUne grande partie de son littoral n&rsquo;est accessible qu&rsquo;\u00e0 pied sur des sentiers bien balis\u00e9s, en particulier entre la pointe de Cabo de Gata. San Jos\u00e9, Las Negra et aqua Amarga.<br \/>\nDe l&rsquo;ouest par le village de San Miguel de Cabo de Gata et prendre la route c\u00f4ti\u00e8re passe \u00e0 la superbe plage de Cabo de Gata<br \/>\nDoit faire<br \/>\nVisitez la plage des dunes de Monsul qui est adoss\u00e9e \u00e0 d&rsquo;immenses roches volcaniques. La plage elle-m\u00eame a des taches de Mica dans le sable qui lui donne un \u00e9clat de conte de f\u00e9es utilis\u00e9 comme d\u00e9cor de films pour des films tels que Indiana Jones<br \/>\nVisitez Islata del moro o\u00f9 les habitants p\u00eachent et Aqua Amarga puis Los Escullos avec son ch\u00e2teau en ruine du 18\u00e8me si\u00e8cle sur les dunes de sable fossiles et les falaises spectaculaires. Ne pas oublier San Jose un joli village c\u00f4tier et \u00e0 partir de l\u00e0, dirigez-vous vers le sud le long d&rsquo;une piste \u00e0 la belle Playa de los Genoveses Aunique autre endroit wordlyu juste \u00e0 notre porte.<\/p>\n<p><\/p>","protected":false},"excerpt":{"rendered":"<p>Choses \u00e0 faire et \u00e0 voir \u00e0 Almeria. Activit\u00e9s: \u00e9quitation, golf, location de quad \/ moto, promenades organis\u00e9es, parc aquatique, a\u00e9roclub, grottes Sorbas et march\u00e9s en plein air: Distances \u00e0 tous ceux-ci. MOJACAR Fabuleux village mauresque blanchi \u00e0 la chaux d\u00e9valant la colline o\u00f9 les femmes doivent encore se laver les v\u00eatements \u00e0 la fontaine &hellip; <\/p>\n<p class=\"link-more\"><a href=\"https:\/\/pacevilla.com\/fr\/almeria\/\" class=\"more-link\">Continuer la lecture<span class=\"screen-reader-text\"> de &laquo;&nbsp;Almeria&nbsp;&raquo;<\/span><\/a><\/p>\n","protected":false},"author":1,"featured_media":0,"parent":0,"menu_order":0,"comment_status":"closed","ping_status":"open","template":"","meta":{"footnotes":""},"class_list":["post-2","page","type-page","status-publish","hentry"],"aioseo_notices":[],"_links":{"self":[{"href":"https:\/\/pacevilla.com\/fr\/wp-json\/wp\/v2\/pages\/2","targetHints":{"allow":["GET"]}}],"collection":[{"href":"https:\/\/pacevilla.com\/fr\/wp-json\/wp\/v2\/pages"}],"about":[{"href":"https:\/\/pacevilla.com\/fr\/wp-json\/wp\/v2\/types\/page"}],"author":[{"embeddable":true,"href":"https:\/\/pacevilla.com\/fr\/wp-json\/wp\/v2\/users\/1"}],"replies":[{"embeddable":true,"href":"https:\/\/pacevilla.com\/fr\/wp-json\/wp\/v2\/comments?post=2"}],"version-history":[{"count":21,"href":"https:\/\/pacevilla.com\/fr\/wp-json\/wp\/v2\/pages\/2\/revisions"}],"predecessor-version":[{"id":262,"href":"https:\/\/pacevilla.com\/fr\/wp-json\/wp\/v2\/pages\/2\/revisions\/262"}],"wp:attachment":[{"href":"https:\/\/pacevilla.com\/fr\/wp-json\/wp\/v2\/media?parent=2"}],"curies":[{"name":"wp","href":"https:\/\/api.w.org\/{rel}","templated":true}]}}