{"id":8,"date":"2017-11-25T11:12:22","date_gmt":"2017-11-25T11:12:22","guid":{"rendered":"http:\/\/pacevilla.com\/?page_id=8"},"modified":"2022-04-06T12:55:03","modified_gmt":"2022-04-06T11:55:03","slug":"mojacar","status":"publish","type":"page","link":"https:\/\/pacevilla.com\/es\/mojacar\/","title":{"rendered":"Moj\u00e1car"},"content":{"rendered":"<p><\/p>\n<h1 style=\"text-align: center;\">Paseos y otras actividades de Moj\u00e1car y alrededor.<\/h1>\n<p><img loading=\"lazy\" decoding=\"async\" class=\"aligncenter wp-image-53 size-full\" src=\"http:\/\/pacevilla.com\/wp-content\/uploads\/2017\/11\/mojalmeria121.jpg\" alt=\"\" width=\"1200\" height=\"753\" srcset=\"https:\/\/pacevilla.com\/wp-content\/uploads\/2017\/11\/mojalmeria121.jpg 1200w, https:\/\/pacevilla.com\/wp-content\/uploads\/2017\/11\/mojalmeria121-300x188.jpg 300w, https:\/\/pacevilla.com\/wp-content\/uploads\/2017\/11\/mojalmeria121-768x482.jpg 768w, https:\/\/pacevilla.com\/wp-content\/uploads\/2017\/11\/mojalmeria121-1024x643.jpg 1024w\" sizes=\"auto, (max-width: 767px) 89vw, (max-width: 1000px) 54vw, (max-width: 1071px) 543px, 580px\" \/><\/p>\n<p style=\"text-align: center;\">Villa Pace tiene infinitas posibilidades caminando directamente desde la propiedad. Toda la amplia gama de monta\u00f1a Cabrera est\u00e1 justo en su puerta, una de las aves principales rutas migratorias es directamente sobre la cabeza d\u00e1ndole la oportunidad de observar incluso las aves de rapi\u00f1a. Durante las caminatas, disfrutar de las flores silvestres del Mediterr\u00e1neo, mariposas y escarabajos, incluso a veces, los reptiles de colores se puede ver el sol en el sol. O descubrir un antiguo pueblo abandonado, abandonado a toda prisa, cuando las tropas de Franco llegaron. Para los viajes un poco m\u00e1s lejos, hay algunos que eleva maravillosos paseos en los picos de la ridgeways ribere\u00f1o directamente sobre el mar. 10 kil\u00f3metros de distancia se encuentra el famoso &#8216;Nacional Cabo de Gato&#8217; Park abarca un paisaje volc\u00e1nico muy dram\u00e1tico. En su punto m\u00e1s lejano de todo el faro, hay espectaculares columnas de basalto estriado. Visita los Parques salinas y observar flamencos rosados, avocetas y esp\u00e1tulas!<\/p>\n<p><img loading=\"lazy\" decoding=\"async\" class=\"aligncenter wp-image-168 size-full\" src=\"http:\/\/pacevilla.com\/wp-content\/uploads\/2017\/12\/cdg1.jpg\" alt=\"\" width=\"748\" height=\"383\" srcset=\"https:\/\/pacevilla.com\/wp-content\/uploads\/2017\/12\/cdg1.jpg 748w, https:\/\/pacevilla.com\/wp-content\/uploads\/2017\/12\/cdg1-300x154.jpg 300w, https:\/\/pacevilla.com\/wp-content\/uploads\/2017\/12\/cdg1-500x256.jpg 500w\" sizes=\"auto, (max-width: 706px) 89vw, (max-width: 767px) 82vw, 740px\" \/><\/p>\n<h2 style=\"text-align: center;\">Cerca de Moj\u00e1car.<\/h2>\n<p style=\"text-align: center;\">Nijar un pueblo peque\u00f1o donde los coloridos fabulosos objetos de cer\u00e1mica se pueden comprar Moj\u00e1car Pueblo: Un antiguo pueblo blanco \u00e1rabe encaramado en una colina con sus pintorescas calles empedradas, el arte y tiendas de artesan\u00eda y muchos de los rasgos hist\u00f3ricos, como la fuente, el castillo y la iglesia con Fresco en su interior.<br \/>\nGarrucha fish Markets: distinguish all the fascinating varieties of seafood at the daily fresh fish auction,<br \/>\nA trip inland to Bedar and beyond, see the many whitewashed villages in their timeless surroundings, a man walking his donkey, drive over the Spectacular mountain passes then enjoy a tapa in the local village bar.<br \/>\nVisite los restaurantes de pescado en relaci\u00f3n el paso de la impresionante costa de Amarga Carboneras y Aqua.<br \/>\nActividades como la equitaci\u00f3n y caballerizas Quad o moto de alquiler.<\/p>\n<p style=\"text-align: center;\">Cala Alta Observatorio 2168 metros la cima de la Cordillera de Los Filabres.<br \/>\nSube pendientes en pino salpicado a menudo cubiertas de nieve en invierno. Descansar un rato en Olula de Castro, un t\u00edpico pueblo de monta\u00f1a tradicional, Observatiory y fotografiar los paisajes sin fin.<\/p>\n<p style=\"text-align: center;\">Taberna, Sorbas &amp; Mini Hollywood<\/p>\n<p style=\"text-align: center;\"><img loading=\"lazy\" decoding=\"async\" class=\"alignnone wp-image-170 size-full\" src=\"http:\/\/pacevilla.com\/wp-content\/uploads\/2017\/12\/tab1.jpg\" alt=\"\" width=\"620\" height=\"388\" srcset=\"https:\/\/pacevilla.com\/wp-content\/uploads\/2017\/12\/tab1.jpg 620w, https:\/\/pacevilla.com\/wp-content\/uploads\/2017\/12\/tab1-300x188.jpg 300w, https:\/\/pacevilla.com\/wp-content\/uploads\/2017\/12\/tab1-500x313.jpg 500w\" sizes=\"auto, (max-width: 620px) 100vw, 620px\" \/><br \/>\nHaga un viaje al desierto d\u00eda, visitando el premio ganador del aceite de oliva en ruta destiler\u00eda. No olvide su c\u00e1mara, mientras disfruta de un peque\u00f1o parque de safari y el filmset del famoso spaghetti westerns de los 60&#8217;s y 70&#8217;s entonces no se olvide de caminar a trav\u00e9s de los lechos de r\u00edos secos y est\u00e9riles monta\u00f1as de nuestro \u00fanico desierto de Europa con su variedad mir\u00edada de colores rojo y oro.<\/p>\n<p><\/p>","protected":false},"excerpt":{"rendered":"<p>Paseos y otras actividades de Moj\u00e1car y alrededor. Villa Pace tiene infinitas posibilidades caminando directamente desde la propiedad. Toda la amplia gama de monta\u00f1a Cabrera est\u00e1 justo en su puerta, una de las aves principales rutas migratorias es directamente sobre la cabeza d\u00e1ndole la oportunidad de observar incluso las aves de rapi\u00f1a. Durante las caminatas, &hellip; <\/p>\n<p class=\"link-more\"><a href=\"https:\/\/pacevilla.com\/es\/mojacar\/\" class=\"more-link\">Continue reading<span class=\"screen-reader-text\"> &#8220;Moj\u00e1car&#8221;<\/span><\/a><\/p>\n","protected":false},"author":1,"featured_media":0,"parent":0,"menu_order":0,"comment_status":"closed","ping_status":"closed","template":"","meta":{"footnotes":""},"class_list":["post-8","page","type-page","status-publish","hentry"],"aioseo_notices":[],"_links":{"self":[{"href":"https:\/\/pacevilla.com\/es\/wp-json\/wp\/v2\/pages\/8","targetHints":{"allow":["GET"]}}],"collection":[{"href":"https:\/\/pacevilla.com\/es\/wp-json\/wp\/v2\/pages"}],"about":[{"href":"https:\/\/pacevilla.com\/es\/wp-json\/wp\/v2\/types\/page"}],"author":[{"embeddable":true,"href":"https:\/\/pacevilla.com\/es\/wp-json\/wp\/v2\/users\/1"}],"replies":[{"embeddable":true,"href":"https:\/\/pacevilla.com\/es\/wp-json\/wp\/v2\/comments?post=8"}],"version-history":[{"count":17,"href":"https:\/\/pacevilla.com\/es\/wp-json\/wp\/v2\/pages\/8\/revisions"}],"predecessor-version":[{"id":271,"href":"https:\/\/pacevilla.com\/es\/wp-json\/wp\/v2\/pages\/8\/revisions\/271"}],"wp:attachment":[{"href":"https:\/\/pacevilla.com\/es\/wp-json\/wp\/v2\/media?parent=8"}],"curies":[{"name":"wp","href":"https:\/\/api.w.org\/{rel}","templated":true}]}}