{"id":7,"date":"2017-11-25T11:12:22","date_gmt":"2017-11-25T11:12:22","guid":{"rendered":"http:\/\/pacevilla.com\/?page_id=7"},"modified":"2022-04-06T13:11:37","modified_gmt":"2022-04-06T12:11:37","slug":"home","status":"publish","type":"page","link":"https:\/\/pacevilla.com\/es\/","title":{"rendered":"Inicio"},"content":{"rendered":"<p><\/p>\n<h1 style=\"text-align: center;\">Chalet de alquiler Mojacar.<\/h1>\n<p class=\"so-panel widget panel-first-child panel-last-child\" style=\"text-align: center;\" data-index=\"0\">Villa privada de 4 dormitorios disponible para alquiler de vacaciones, permite con impresionantes vistas del mar y Playa de Moj\u00e1car. Pace (paz) Villa se encuentra en su propia finca en la cima de la colina en el extremo sureste de Espa\u00f1a. Una espaciosa villa moderna con numerosas ventanas enormes, cada una con sus propias vistas impresionantes, una ubicaci\u00f3n fenomenal con un impresionante panorama de las playas de Moj\u00e1car, cordilleras v\u00edrgenes y un magn\u00edfico tel\u00f3n de fondo del mar Mediterr\u00e1neo.<\/p>\n<p><\/p>","protected":false},"excerpt":{"rendered":"<p>Chalet de alquiler Mojacar. Villa privada de 4 dormitorios disponible para alquiler de vacaciones, permite con impresionantes vistas del mar y Playa de Moj\u00e1car. Pace (paz) Villa se encuentra en su propia finca en la cima de la colina en el extremo sureste de Espa\u00f1a. Una espaciosa villa moderna con numerosas ventanas enormes, cada una &hellip; <\/p>\n<p class=\"link-more\"><a href=\"https:\/\/pacevilla.com\/es\/\" class=\"more-link\">Continue reading<span class=\"screen-reader-text\"> &#8220;Inicio&#8221;<\/span><\/a><\/p>\n","protected":false},"author":1,"featured_media":0,"parent":0,"menu_order":0,"comment_status":"closed","ping_status":"closed","template":"","meta":{"footnotes":""},"class_list":["post-7","page","type-page","status-publish","hentry"],"aioseo_notices":[],"_links":{"self":[{"href":"https:\/\/pacevilla.com\/es\/wp-json\/wp\/v2\/pages\/7","targetHints":{"allow":["GET"]}}],"collection":[{"href":"https:\/\/pacevilla.com\/es\/wp-json\/wp\/v2\/pages"}],"about":[{"href":"https:\/\/pacevilla.com\/es\/wp-json\/wp\/v2\/types\/page"}],"author":[{"embeddable":true,"href":"https:\/\/pacevilla.com\/es\/wp-json\/wp\/v2\/users\/1"}],"replies":[{"embeddable":true,"href":"https:\/\/pacevilla.com\/es\/wp-json\/wp\/v2\/comments?post=7"}],"version-history":[{"count":31,"href":"https:\/\/pacevilla.com\/es\/wp-json\/wp\/v2\/pages\/7\/revisions"}],"predecessor-version":[{"id":297,"href":"https:\/\/pacevilla.com\/es\/wp-json\/wp\/v2\/pages\/7\/revisions\/297"}],"wp:attachment":[{"href":"https:\/\/pacevilla.com\/es\/wp-json\/wp\/v2\/media?parent=7"}],"curies":[{"name":"wp","href":"https:\/\/api.w.org\/{rel}","templated":true}]}}