{"id":8,"date":"2017-11-25T11:12:22","date_gmt":"2017-11-25T11:12:22","guid":{"rendered":"http:\/\/pacevilla.com\/?page_id=8"},"modified":"2022-04-06T12:55:03","modified_gmt":"2022-04-06T11:55:03","slug":"mojacar","status":"publish","type":"page","link":"https:\/\/pacevilla.com\/de\/mojacar\/","title":{"rendered":"Mojacar"},"content":{"rendered":"<p><\/p>\n<h1 style=\"text-align: center;\">Spazierg\u00e4nge und andere Aktivit\u00e4ten Mojacar und \u00fcber.<\/h1>\n<p><img loading=\"lazy\" decoding=\"async\" class=\"aligncenter wp-image-53 size-full\" src=\"http:\/\/pacevilla.com\/wp-content\/uploads\/2017\/11\/mojalmeria121.jpg\" alt=\"\" width=\"1200\" height=\"753\" srcset=\"https:\/\/pacevilla.com\/wp-content\/uploads\/2017\/11\/mojalmeria121.jpg 1200w, https:\/\/pacevilla.com\/wp-content\/uploads\/2017\/11\/mojalmeria121-300x188.jpg 300w, https:\/\/pacevilla.com\/wp-content\/uploads\/2017\/11\/mojalmeria121-768x482.jpg 768w, https:\/\/pacevilla.com\/wp-content\/uploads\/2017\/11\/mojalmeria121-1024x643.jpg 1024w\" sizes=\"auto, (max-width: 767px) 89vw, (max-width: 1000px) 54vw, (max-width: 1071px) 543px, 580px\" \/><\/p>\n<p style=\"text-align: center;\">Die Pace Villa bietet unbegrenzte Wanderm\u00f6glichkeiten direkt von der Unterkunft. Das gesamte ausgedehnte Cabrera-Gebirge liegt direkt vor Ihrer Haust\u00fcr. Eine der wichtigsten Vogelzugrouten liegt direkt \u00fcber Ihnen und bietet die M\u00f6glichkeit, sogar Greifv\u00f6gel zu beobachten. Genie\u00dfen Sie w\u00e4hrend der Spazierg\u00e4nge die mediterranen Wildblumen, Schmetterlinge und K\u00e4fer, manchmal sogar die bunten Reptilien in der Sonne. Oder entdecken Sie ein altes verlassenes Dorf, das in Eile verlassen wurde, als Francos Truppen ankamen. F\u00fcr Ausfl\u00fcge etwas weiter entfernt, gibt es auf den Gipfeln der K\u00fcstenk\u00e4mme direkt \u00fcber dem Meer herrliche Wanderungen. 10 Kilometer entfernt liegt der ber\u00fchmte &#8218;Cabo de Gato&#8216; Nationalpark, der eine sehr dramatische vulkanische Landschaft umfasst. An seinem weitesten Punkt rund um den Leuchtturm gibt es spektakul\u00e4re geriffelte Basalts\u00e4ulen. Besuchen Sie die Salzpfannen von Parks und sehen Sie rosa Flamingos, L\u00f6ffler und Avocets!<\/p>\n<p><img loading=\"lazy\" decoding=\"async\" class=\"aligncenter wp-image-168 size-full\" src=\"http:\/\/pacevilla.com\/wp-content\/uploads\/2017\/12\/cdg1.jpg\" alt=\"\" width=\"748\" height=\"383\" srcset=\"https:\/\/pacevilla.com\/wp-content\/uploads\/2017\/12\/cdg1.jpg 748w, https:\/\/pacevilla.com\/wp-content\/uploads\/2017\/12\/cdg1-300x154.jpg 300w, https:\/\/pacevilla.com\/wp-content\/uploads\/2017\/12\/cdg1-500x256.jpg 500w\" sizes=\"auto, (max-width: 706px) 89vw, (max-width: 767px) 82vw, 740px\" \/><\/p>\n<p style=\"text-align: center;\">Nicht zu verpassen in der N\u00e4he von Mojacar.<br \/>\nNijar ein fabelhaftes kleines Dorf, in dem bunte Keramikgegenst\u00e4nde gekauft werden k\u00f6nnen<br \/>\nMojacar Village: Ein altes, wei\u00df get\u00fcnchtes arabisches Dorf auf einem H\u00fcgel mit seinen malerischen gepflasterten Stra\u00dfen, Kunst- und Handwerksl\u00e4den und vielen historischen Sehensw\u00fcrdigkeiten wie dem Springbrunnen, dem Schloss und der Kirche mit<br \/>\nsein inneres Fresko.<\/p>\n<p style=\"text-align: center;\">Garrucha-Fischm\u00e4rkte: Unterscheiden Sie bei der t\u00e4glichen Frischfischauktion alle faszinierenden Arten von Meeresfr\u00fcchten,<br \/>\nEine Reise ins Landesinnere nach Bedar und dar\u00fcber hinaus, sehen Sie die vielen wei\u00df get\u00fcnchten D\u00f6rfer in ihrer zeitlosen Umgebung, einen Mann, der seinen Esel spazieren geht, fahren Sie \u00fcber die spektakul\u00e4ren P\u00e4sse und genie\u00dfen Sie eine Tapa in der lokalen Dorfbar.<br \/>\nBesuchen Sie die Fischrestaurants gegen\u00fcber dem atemberaubenden K\u00fcstenpass nach Carboneras und Aqua Amarga.<br \/>\nViele Wochentage gibt es bunte lokale M\u00e4rkte in der N\u00e4he,<br \/>\nSowie Reiten St\u00e4lle und Quad Bike oder Motorrad mieten.<\/p>\n<p style=\"text-align: center;\">NICHT ZU VERMISSEN. (ein bisschen weiter weg)<br \/>\nObservatorium Cala Alta 2168 m \u00fcber dem Gebirgszug von Los Filabres.<br \/>\nFahren Sie in mit Pinien bedeckten H\u00e4ngen, die im Winter oft schneebedeckt sind. Ruhen Sie sich eine Weile in Olula de Castro aus, einem typischen traditionellen Bergdorf, das seit Jahrhunderten unver\u00e4ndert ist. Bei der Ankunft besuchen Sie das Observatory und fotografieren die endlosen Ausblicke<\/p>\n<p style=\"text-align: center;\">Taberna, Sorbas und Mini Hollywood<\/p>\n<p style=\"text-align: center;\"><img loading=\"lazy\" decoding=\"async\" class=\"alignnone wp-image-170 size-full\" src=\"http:\/\/pacevilla.com\/wp-content\/uploads\/2017\/12\/tab1.jpg\" alt=\"\" width=\"620\" height=\"388\" srcset=\"https:\/\/pacevilla.com\/wp-content\/uploads\/2017\/12\/tab1.jpg 620w, https:\/\/pacevilla.com\/wp-content\/uploads\/2017\/12\/tab1-300x188.jpg 300w, https:\/\/pacevilla.com\/wp-content\/uploads\/2017\/12\/tab1-500x313.jpg 500w\" sizes=\"auto, (max-width: 620px) 100vw, 620px\" \/><br \/>\nMachen Sie einen Tagesausflug in die W\u00fcste und besuchen Sie die preisgekr\u00f6nte Oliven\u00f6lbrennerei auf dem Weg. Vergessen Sie Ihre Kamera nicht, w\u00e4hrend Sie einen kleinen Safaripark und das Filmset der ber\u00fchmten Spaghetti-Western der 60er und 70er Jahre genie\u00dfen. Vergessen Sie nicht, durch die trockenen Flussbetten und kargen Berge unserer einzigen europ\u00e4ischen W\u00fcste mit ihrer unz\u00e4hligen Vielfalt zu wandern von roten und goldenen Farben.<\/p>\n<p><\/p>","protected":false},"excerpt":{"rendered":"<p>Spazierg\u00e4nge und andere Aktivit\u00e4ten Mojacar und \u00fcber. Die Pace Villa bietet unbegrenzte Wanderm\u00f6glichkeiten direkt von der Unterkunft. Das gesamte ausgedehnte Cabrera-Gebirge liegt direkt vor Ihrer Haust\u00fcr. Eine der wichtigsten Vogelzugrouten liegt direkt \u00fcber Ihnen und bietet die M\u00f6glichkeit, sogar Greifv\u00f6gel zu beobachten. Genie\u00dfen Sie w\u00e4hrend der Spazierg\u00e4nge die mediterranen Wildblumen, Schmetterlinge und K\u00e4fer, manchmal sogar &hellip; <\/p>\n<p class=\"link-more\"><a href=\"https:\/\/pacevilla.com\/de\/mojacar\/\" class=\"more-link\"><span class=\"screen-reader-text\">\u201eMojacar\u201c <\/span>weiterlesen<\/a><\/p>\n","protected":false},"author":1,"featured_media":0,"parent":0,"menu_order":0,"comment_status":"closed","ping_status":"closed","template":"","meta":{"footnotes":""},"class_list":["post-8","page","type-page","status-publish","hentry"],"aioseo_notices":[],"_links":{"self":[{"href":"https:\/\/pacevilla.com\/de\/wp-json\/wp\/v2\/pages\/8","targetHints":{"allow":["GET"]}}],"collection":[{"href":"https:\/\/pacevilla.com\/de\/wp-json\/wp\/v2\/pages"}],"about":[{"href":"https:\/\/pacevilla.com\/de\/wp-json\/wp\/v2\/types\/page"}],"author":[{"embeddable":true,"href":"https:\/\/pacevilla.com\/de\/wp-json\/wp\/v2\/users\/1"}],"replies":[{"embeddable":true,"href":"https:\/\/pacevilla.com\/de\/wp-json\/wp\/v2\/comments?post=8"}],"version-history":[{"count":17,"href":"https:\/\/pacevilla.com\/de\/wp-json\/wp\/v2\/pages\/8\/revisions"}],"predecessor-version":[{"id":271,"href":"https:\/\/pacevilla.com\/de\/wp-json\/wp\/v2\/pages\/8\/revisions\/271"}],"wp:attachment":[{"href":"https:\/\/pacevilla.com\/de\/wp-json\/wp\/v2\/media?parent=8"}],"curies":[{"name":"wp","href":"https:\/\/api.w.org\/{rel}","templated":true}]}}