{"id":7,"date":"2017-11-25T11:12:22","date_gmt":"2017-11-25T11:12:22","guid":{"rendered":"http:\/\/pacevilla.com\/?page_id=7"},"modified":"2022-04-06T13:11:37","modified_gmt":"2022-04-06T12:11:37","slug":"home","status":"publish","type":"page","link":"https:\/\/pacevilla.com\/de\/","title":{"rendered":"Startseite"},"content":{"rendered":"<p><\/p>\n<h1 style=\"text-align: center;\">Ferienhaus Villa Mojacar.<\/h1>\n<p style=\"text-align: center;\">4 Schlafzimmer private Villa zur Verf\u00fcgung f\u00fcr die Selbstverpflegung, vermietet mit herrlichem Blick auf das Meer und Mojacar Playa. Pace (Frieden) Villa befindet sich auf einem eigenen H\u00fcgelgut im s\u00fcd\u00f6stlichsten Zipfel von Spanien. Eine ger\u00e4umige, moderne Villa mit zahlreichen massiven Fenstern, von denen jedes eine atemberaubende Aussicht bietet. Eine ph\u00e4nomenale Lage mit einem atemberaubenden Panorama auf die Str\u00e4nde von Mojacar, unber\u00fchrte Bergketten und eine herrliche Kulisse des Mittelmeers.<\/p>\n<p><\/p>","protected":false},"excerpt":{"rendered":"<p>Ferienhaus Villa Mojacar. 4 Schlafzimmer private Villa zur Verf\u00fcgung f\u00fcr die Selbstverpflegung, vermietet mit herrlichem Blick auf das Meer und Mojacar Playa. Pace (Frieden) Villa befindet sich auf einem eigenen H\u00fcgelgut im s\u00fcd\u00f6stlichsten Zipfel von Spanien. Eine ger\u00e4umige, moderne Villa mit zahlreichen massiven Fenstern, von denen jedes eine atemberaubende Aussicht bietet. Eine ph\u00e4nomenale Lage mit &hellip; <\/p>\n<p class=\"link-more\"><a href=\"https:\/\/pacevilla.com\/de\/\" class=\"more-link\"><span class=\"screen-reader-text\">\u201eStartseite\u201c <\/span>weiterlesen<\/a><\/p>\n","protected":false},"author":1,"featured_media":0,"parent":0,"menu_order":0,"comment_status":"closed","ping_status":"closed","template":"","meta":{"footnotes":""},"class_list":["post-7","page","type-page","status-publish","hentry"],"aioseo_notices":[],"_links":{"self":[{"href":"https:\/\/pacevilla.com\/de\/wp-json\/wp\/v2\/pages\/7","targetHints":{"allow":["GET"]}}],"collection":[{"href":"https:\/\/pacevilla.com\/de\/wp-json\/wp\/v2\/pages"}],"about":[{"href":"https:\/\/pacevilla.com\/de\/wp-json\/wp\/v2\/types\/page"}],"author":[{"embeddable":true,"href":"https:\/\/pacevilla.com\/de\/wp-json\/wp\/v2\/users\/1"}],"replies":[{"embeddable":true,"href":"https:\/\/pacevilla.com\/de\/wp-json\/wp\/v2\/comments?post=7"}],"version-history":[{"count":31,"href":"https:\/\/pacevilla.com\/de\/wp-json\/wp\/v2\/pages\/7\/revisions"}],"predecessor-version":[{"id":297,"href":"https:\/\/pacevilla.com\/de\/wp-json\/wp\/v2\/pages\/7\/revisions\/297"}],"wp:attachment":[{"href":"https:\/\/pacevilla.com\/de\/wp-json\/wp\/v2\/media?parent=7"}],"curies":[{"name":"wp","href":"https:\/\/api.w.org\/{rel}","templated":true}]}}