{"id":2,"date":"2017-11-25T11:09:30","date_gmt":"2017-11-25T11:09:30","guid":{"rendered":"http:\/\/pacevilla.com\/?page_id=2"},"modified":"2022-04-06T12:53:56","modified_gmt":"2022-04-06T11:53:56","slug":"almeria","status":"publish","type":"page","link":"https:\/\/pacevilla.com\/de\/almeria\/","title":{"rendered":"Almeria"},"content":{"rendered":"<p><\/p>\n<h1 style=\"text-align: center;\">Dinge zu tun und zu sehen in Almeria.<\/h1>\n<p style=\"text-align: center;\"><img loading=\"lazy\" decoding=\"async\" class=\"alignnone wp-image-172 size-full\" src=\"http:\/\/pacevilla.com\/wp-content\/uploads\/2017\/12\/alm1.jpg\" alt=\"\" width=\"620\" height=\"388\" srcset=\"https:\/\/pacevilla.com\/wp-content\/uploads\/2017\/12\/alm1.jpg 620w, https:\/\/pacevilla.com\/wp-content\/uploads\/2017\/12\/alm1-300x188.jpg 300w, https:\/\/pacevilla.com\/wp-content\/uploads\/2017\/12\/alm1-500x313.jpg 500w\" sizes=\"auto, (max-width: 620px) 100vw, 620px\" \/><\/p>\n<p style=\"text-align: center;\">Actividades: Equitaci\u00f3n, Golf, Quad \/ alquiler de motos, paseos organizados, agua Park, Aeroclub, Sorbas y Cuevas de mercados al aire libre: Distancias a todos estos.<\/p>\n<p style=\"text-align: center;\">MOJACAR<br \/>\nFabuloso encaladas pueblo moro rodando por la ladera donde las mujeres todav\u00eda no se han encontrado lavando su ropa en la fuente del siglo 17, explorar las calles empedradas de El Torre\u00f3n fortaleza y la iglesia de Santa Mar\u00eda con su incre\u00edble Mural. Presunta Lugar de nacimiento de Walt Disney, escuchar la historia visitar los mercadillos de colores en mi\u00e9rcoles o vienen en junio a la experiencia de la Moros y cristianos luchando en una batalla por la supremac\u00eda \u00faltima maqueta, junto con un desfile con trajes extravagantes. M\u00e1s informaci\u00f3n sobre el a\u00f1o 4500 el viejo Indalo que trae suerte y protecci\u00f3n a este pueblo especial (asociados con pinturas neol\u00edticas en cuevas V\u00e9lez Blanco.<\/p>\n<p style=\"text-align: center;\">GARRUCHA<br \/>\nVisite el concurrido mercado local el viernes con productos baratos y de las artes africanas y artesan\u00edas, adem\u00e1s de ropa y otros bricabrac. Fotograf\u00eda de la subasta de pescado los d\u00edas de semana y luego cene en el pescado del puerto exterior excelentes restaurantes.<\/p>\n<p style=\"text-align: center;\">AQUA AMARGA<\/p>\n<p style=\"text-align: center;\"><img loading=\"lazy\" decoding=\"async\" class=\"alignnone wp-image-175 size-full\" src=\"http:\/\/pacevilla.com\/wp-content\/uploads\/2017\/12\/aamga1.jpg\" alt=\"\" width=\"980\" height=\"450\" srcset=\"https:\/\/pacevilla.com\/wp-content\/uploads\/2017\/12\/aamga1.jpg 980w, https:\/\/pacevilla.com\/wp-content\/uploads\/2017\/12\/aamga1-300x138.jpg 300w, https:\/\/pacevilla.com\/wp-content\/uploads\/2017\/12\/aamga1-768x353.jpg 768w, https:\/\/pacevilla.com\/wp-content\/uploads\/2017\/12\/aamga1-500x230.jpg 500w\" sizes=\"auto, (max-width: 767px) 89vw, (max-width: 1000px) 54vw, (max-width: 1071px) 543px, 580px\" \/><br \/>\nUn pueblo pesquero totalmente virgen frente a una gran playa de arena con restaurantes al aire libre.<\/p>\n<p style=\"text-align: center;\">ALMERIA<br \/>\nUn antiguo puerto con un castillo de moros y moriscos Barrio<\/p>\n<p style=\"text-align: center;\">CABRERA<br \/>\nCelebra un Festival de junio con una gigantesca paella, montar a caballo habilidades de demostraci\u00f3n con m\u00fasica y fuegos artificiales. Ciudad Fiestas de agosto.<\/p>\n<p style=\"text-align: center;\">CABO de GATO<\/p>\n<p style=\"text-align: center;\"><img loading=\"lazy\" decoding=\"async\" class=\"alignnone wp-image-177 size-full\" src=\"http:\/\/pacevilla.com\/wp-content\/uploads\/2017\/12\/cdg2.jpg\" alt=\"\" width=\"1000\" height=\"566\" srcset=\"https:\/\/pacevilla.com\/wp-content\/uploads\/2017\/12\/cdg2.jpg 1000w, https:\/\/pacevilla.com\/wp-content\/uploads\/2017\/12\/cdg2-300x170.jpg 300w, https:\/\/pacevilla.com\/wp-content\/uploads\/2017\/12\/cdg2-768x435.jpg 768w, https:\/\/pacevilla.com\/wp-content\/uploads\/2017\/12\/cdg2-500x283.jpg 500w\" sizes=\"auto, (max-width: 767px) 89vw, (max-width: 1000px) 54vw, (max-width: 1071px) 543px, 580px\" \/><br \/>\nLa temperatura m\u00e1s alta y precipitaciones m\u00e1s bajas en Espa\u00f1a, han creado condiciones semides\u00e9rticas y este parque nacional tiene muchas plantas raras y amenazadas que crecen en las dunas costeras. Las salinas (salinas) aqu\u00ed son una de las espa\u00f1as zonas h\u00famedas m\u00e1s importantes para la cr\u00eda de aves y clima c\u00e1lido, corren parellel a la playa solo separados por 400 metros de una barra de arena de ancho. Pristine aguas son una meca para los buceadores y excursionistas acu\u00e1ticos, vela y kayak de mar. Parques Centro de Visitantes se encuentra en Los Amoladeras entre Retamar y San Miguel en el AL822. Abierto de junio a 10 de septiembre-2pm 6-8pm, desde octubre hasta mayo mar a Sun 10 &#8211; 2pm y 4 m\u00e1s 6pm-abril-mayo es tambi\u00e9n de 6 a 8 pm. Gran parte de su costa s\u00f3lo se puede acceder a pie senderos bien marcados en especial entre el Cabo de Gata Headland. San Jos\u00e9, Las Negra y aqua Amarga. De oeste a trav\u00e9s de ir pueblo de San Miguel de Cabo de Gata y tomar carretera de la costa pasa a la maravillosa playa de Cabo de Gata Debe Hacerse de Visita la playa Monsul dunas del desierto que est\u00e1 respaldado por distintivo en forma de inmensas rocas volc\u00e1nicas. La playa tiene manchas de Mica en la arena que le da una chispa de cuento de hadas utilizado como escenario de pel\u00edculas de cine como Indiana Jones Visita Islata del Moro, donde los peces locales y Amarga Aqua luego en Los Escullos, con su castillo en ruinas siglo 18 en la cima de las dunas de arena fosilizadas y acantilados. No se olvide de San Jos\u00e9 un bonito pueblo costero y de all\u00ed hacia el sur a lo largo de una pista a la hermosa Playa de los Genoveses Aunique derecho en cualquier otro lugar wordlyu en nuestra puerta.<\/p>\n<p><\/p>","protected":false},"excerpt":{"rendered":"<p>Dinge zu tun und zu sehen in Almeria. Actividades: Equitaci\u00f3n, Golf, Quad \/ alquiler de motos, paseos organizados, agua Park, Aeroclub, Sorbas y Cuevas de mercados al aire libre: Distancias a todos estos. MOJACAR Fabuloso encaladas pueblo moro rodando por la ladera donde las mujeres todav\u00eda no se han encontrado lavando su ropa en la &hellip; <\/p>\n<p class=\"link-more\"><a href=\"https:\/\/pacevilla.com\/de\/almeria\/\" class=\"more-link\"><span class=\"screen-reader-text\">\u201eAlmeria\u201c <\/span>weiterlesen<\/a><\/p>\n","protected":false},"author":1,"featured_media":0,"parent":0,"menu_order":0,"comment_status":"closed","ping_status":"open","template":"","meta":{"footnotes":""},"class_list":["post-2","page","type-page","status-publish","hentry"],"aioseo_notices":[],"_links":{"self":[{"href":"https:\/\/pacevilla.com\/de\/wp-json\/wp\/v2\/pages\/2","targetHints":{"allow":["GET"]}}],"collection":[{"href":"https:\/\/pacevilla.com\/de\/wp-json\/wp\/v2\/pages"}],"about":[{"href":"https:\/\/pacevilla.com\/de\/wp-json\/wp\/v2\/types\/page"}],"author":[{"embeddable":true,"href":"https:\/\/pacevilla.com\/de\/wp-json\/wp\/v2\/users\/1"}],"replies":[{"embeddable":true,"href":"https:\/\/pacevilla.com\/de\/wp-json\/wp\/v2\/comments?post=2"}],"version-history":[{"count":21,"href":"https:\/\/pacevilla.com\/de\/wp-json\/wp\/v2\/pages\/2\/revisions"}],"predecessor-version":[{"id":262,"href":"https:\/\/pacevilla.com\/de\/wp-json\/wp\/v2\/pages\/2\/revisions\/262"}],"wp:attachment":[{"href":"https:\/\/pacevilla.com\/de\/wp-json\/wp\/v2\/media?parent=2"}],"curies":[{"name":"wp","href":"https:\/\/api.w.org\/{rel}","templated":true}]}}